{"id":121,"date":"2024-03-15T23:55:06","date_gmt":"2024-03-15T22:55:06","guid":{"rendered":"https:\/\/laurehumbel.fr\/?page_id=121"},"modified":"2024-12-16T09:32:07","modified_gmt":"2024-12-16T08:32:07","slug":"marseille-californie","status":"publish","type":"page","link":"https:\/\/laurehumbel.fr\/index.php\/une-pietonne-a-marseille\/marseille-californie\/","title":{"rendered":"Marseille, Californie"},"content":{"rendered":"\n<figure class=\"wp-block-image size-large\"><img loading=\"lazy\" decoding=\"async\" width=\"1024\" height=\"768\" src=\"https:\/\/laurehumbel.fr\/wp-content\/uploads\/2024\/06\/210420_CactusCalifornieretour-de-Beauregard-vers-StB-1024x768.jpeg\" alt=\"\" class=\"wp-image-415\" srcset=\"https:\/\/laurehumbel.fr\/wp-content\/uploads\/2024\/06\/210420_CactusCalifornieretour-de-Beauregard-vers-StB-1024x768.jpeg 1024w, https:\/\/laurehumbel.fr\/wp-content\/uploads\/2024\/06\/210420_CactusCalifornieretour-de-Beauregard-vers-StB-300x225.jpeg 300w, https:\/\/laurehumbel.fr\/wp-content\/uploads\/2024\/06\/210420_CactusCalifornieretour-de-Beauregard-vers-StB-768x576.jpeg 768w, https:\/\/laurehumbel.fr\/wp-content\/uploads\/2024\/06\/210420_CactusCalifornieretour-de-Beauregard-vers-StB-1536x1152.jpeg 1536w, https:\/\/laurehumbel.fr\/wp-content\/uploads\/2024\/06\/210420_CactusCalifornieretour-de-Beauregard-vers-StB-2048x1536.jpeg 2048w\" sizes=\"auto, (max-width: 1024px) 100vw, 1024px\" \/><\/figure>\n\n\n\n<figure class=\"wp-block-image size-large\"><img loading=\"lazy\" decoding=\"async\" width=\"768\" height=\"1024\" src=\"https:\/\/laurehumbel.fr\/wp-content\/uploads\/2024\/06\/210420_Montolivet_Californie-768x1024.jpeg\" alt=\"\" class=\"wp-image-417\" srcset=\"https:\/\/laurehumbel.fr\/wp-content\/uploads\/2024\/06\/210420_Montolivet_Californie-768x1024.jpeg 768w, https:\/\/laurehumbel.fr\/wp-content\/uploads\/2024\/06\/210420_Montolivet_Californie-225x300.jpeg 225w, https:\/\/laurehumbel.fr\/wp-content\/uploads\/2024\/06\/210420_Montolivet_Californie-1152x1536.jpeg 1152w, https:\/\/laurehumbel.fr\/wp-content\/uploads\/2024\/06\/210420_Montolivet_Californie-1536x2048.jpeg 1536w, https:\/\/laurehumbel.fr\/wp-content\/uploads\/2024\/06\/210420_Montolivet_Californie-scaled.jpeg 1920w\" sizes=\"auto, (max-width: 768px) 100vw, 768px\" \/><\/figure>\n\n\n\n<figure class=\"wp-block-image size-large\"><img loading=\"lazy\" decoding=\"async\" width=\"1024\" height=\"768\" src=\"https:\/\/laurehumbel.fr\/wp-content\/uploads\/2024\/06\/211213_Castellane_094357Californie-1024x768.jpeg\" alt=\"\" class=\"wp-image-418\" srcset=\"https:\/\/laurehumbel.fr\/wp-content\/uploads\/2024\/06\/211213_Castellane_094357Californie-1024x768.jpeg 1024w, https:\/\/laurehumbel.fr\/wp-content\/uploads\/2024\/06\/211213_Castellane_094357Californie-300x225.jpeg 300w, https:\/\/laurehumbel.fr\/wp-content\/uploads\/2024\/06\/211213_Castellane_094357Californie-768x576.jpeg 768w, https:\/\/laurehumbel.fr\/wp-content\/uploads\/2024\/06\/211213_Castellane_094357Californie-1536x1152.jpeg 1536w, https:\/\/laurehumbel.fr\/wp-content\/uploads\/2024\/06\/211213_Castellane_094357Californie-2048x1536.jpeg 2048w\" sizes=\"auto, (max-width: 1024px) 100vw, 1024px\" \/><\/figure>\n\n\n\n<p>\u00a9 Laure Humbel, <a href=\"https:\/\/laurehumbel.fr\/index.php\/une-pietonne-a-marseille\/\" data-type=\"page\" data-id=\"65\">Une Pi\u00e9tonne \u00e0 Marseille<\/a>, \u00e9ditions David Gaussen, 2023<\/p>\n\n\n\n<p><\/p>\n","protected":false},"excerpt":{"rendered":"<p>\u00a9 Laure Humbel, Une Pi\u00e9tonne \u00e0 Marseille, \u00e9ditions David Gaussen, 2023<\/p>\n","protected":false},"author":1,"featured_media":0,"parent":65,"menu_order":0,"comment_status":"closed","ping_status":"closed","template":"","meta":{"advanced_seo_description":"","jetpack_seo_html_title":"","jetpack_seo_noindex":false,"jetpack_post_was_ever_published":false,"footnotes":""},"class_list":["post-121","page","type-page","status-publish","hentry"],"jetpack_sharing_enabled":true,"_links":{"self":[{"href":"https:\/\/laurehumbel.fr\/index.php\/wp-json\/wp\/v2\/pages\/121","targetHints":{"allow":["GET"]}}],"collection":[{"href":"https:\/\/laurehumbel.fr\/index.php\/wp-json\/wp\/v2\/pages"}],"about":[{"href":"https:\/\/laurehumbel.fr\/index.php\/wp-json\/wp\/v2\/types\/page"}],"author":[{"embeddable":true,"href":"https:\/\/laurehumbel.fr\/index.php\/wp-json\/wp\/v2\/users\/1"}],"replies":[{"embeddable":true,"href":"https:\/\/laurehumbel.fr\/index.php\/wp-json\/wp\/v2\/comments?post=121"}],"version-history":[{"count":6,"href":"https:\/\/laurehumbel.fr\/index.php\/wp-json\/wp\/v2\/pages\/121\/revisions"}],"predecessor-version":[{"id":1069,"href":"https:\/\/laurehumbel.fr\/index.php\/wp-json\/wp\/v2\/pages\/121\/revisions\/1069"}],"up":[{"embeddable":true,"href":"https:\/\/laurehumbel.fr\/index.php\/wp-json\/wp\/v2\/pages\/65"}],"wp:attachment":[{"href":"https:\/\/laurehumbel.fr\/index.php\/wp-json\/wp\/v2\/media?parent=121"}],"curies":[{"name":"wp","href":"https:\/\/api.w.org\/{rel}","templated":true}]}}