{"id":59,"date":"2024-03-14T09:22:38","date_gmt":"2024-03-14T08:22:38","guid":{"rendered":"https:\/\/laurehumbel.fr\/?page_id=59"},"modified":"2025-10-19T17:19:13","modified_gmt":"2025-10-19T15:19:13","slug":"bibliographie","status":"publish","type":"page","link":"https:\/\/laurehumbel.fr\/index.php\/bibliographie\/","title":{"rendered":"Bibliographie"},"content":{"rendered":"\n<p><\/p>\n\n\n\n<div class=\"wp-block-group is-nowrap is-layout-flex wp-container-core-group-is-layout-6c531013 wp-block-group-is-layout-flex\">\n<figure class=\"wp-block-image size-large is-resized\"><img loading=\"lazy\" decoding=\"async\" width=\"1024\" height=\"1024\" src=\"https:\/\/laurehumbel.fr\/wp-content\/uploads\/2024\/06\/couvertureBigBang-1024x1024.jpeg\" alt=\"\" class=\"wp-image-454\" style=\"width:142px;height:auto\" srcset=\"https:\/\/laurehumbel.fr\/wp-content\/uploads\/2024\/06\/couvertureBigBang-1024x1024.jpeg 1024w, https:\/\/laurehumbel.fr\/wp-content\/uploads\/2024\/06\/couvertureBigBang-300x300.jpeg 300w, https:\/\/laurehumbel.fr\/wp-content\/uploads\/2024\/06\/couvertureBigBang-150x150.jpeg 150w, https:\/\/laurehumbel.fr\/wp-content\/uploads\/2024\/06\/couvertureBigBang-768x768.jpeg 768w, https:\/\/laurehumbel.fr\/wp-content\/uploads\/2024\/06\/couvertureBigBang.jpeg 1030w\" sizes=\"auto, (max-width: 1024px) 100vw, 1024px\" \/><\/figure>\n\n\n\n<p><strong><em>BigBang<\/em>, <\/strong>Origine partie 2, <a href=\"https:\/\/www.instagram.com\/editionstoutalheure\/\">Tout \u00e0 l\u2019heure<\/a>, 2024<\/p>\n<\/div>\n\n\n\n<div class=\"wp-block-group is-nowrap is-layout-flex wp-container-core-group-is-layout-6c531013 wp-block-group-is-layout-flex\">\n<figure class=\"wp-block-image size-large is-resized\"><a href=\"https:\/\/www.instagram.com\/editionstoutalheure\/\"><img loading=\"lazy\" decoding=\"async\" width=\"1024\" height=\"1024\" src=\"https:\/\/laurehumbel.fr\/wp-content\/uploads\/2024\/06\/Ton-nombril-couv-1024x1024.jpg\" alt=\"\" class=\"wp-image-452\" style=\"width:140px;height:auto\" srcset=\"https:\/\/laurehumbel.fr\/wp-content\/uploads\/2024\/06\/Ton-nombril-couv-1024x1024.jpg 1024w, https:\/\/laurehumbel.fr\/wp-content\/uploads\/2024\/06\/Ton-nombril-couv-300x300.jpg 300w, https:\/\/laurehumbel.fr\/wp-content\/uploads\/2024\/06\/Ton-nombril-couv-150x150.jpg 150w, https:\/\/laurehumbel.fr\/wp-content\/uploads\/2024\/06\/Ton-nombril-couv-768x768.jpg 768w, https:\/\/laurehumbel.fr\/wp-content\/uploads\/2024\/06\/Ton-nombril-couv.jpg 1080w\" sizes=\"auto, (max-width: 1024px) 100vw, 1024px\" \/><\/a><\/figure>\n\n\n\n<p><strong><em>Ton Nombril<\/em>, <\/strong>Origine partie 1,<strong> <\/strong><a href=\"https:\/\/www.instagram.com\/editionstoutalheure\/\">Tout \u00e0 l\u2019heure<\/a>, 2023<\/p>\n<\/div>\n\n\n\n<div class=\"wp-block-group is-nowrap is-layout-flex wp-container-core-group-is-layout-6c531013 wp-block-group-is-layout-flex\">\n<figure class=\"wp-block-image size-large is-resized\"><a href=\"https:\/\/editionsgaussen.fr\/livres\/une-pietonne-a-marseille\/\"><img loading=\"lazy\" decoding=\"async\" width=\"699\" height=\"1024\" src=\"https:\/\/laurehumbel.fr\/wp-content\/uploads\/2024\/03\/Couv_pietonne-699x1024.jpg\" alt=\"\" class=\"wp-image-106\" style=\"width:144px;height:auto\" srcset=\"https:\/\/laurehumbel.fr\/wp-content\/uploads\/2024\/03\/Couv_pietonne-699x1024.jpg 699w, https:\/\/laurehumbel.fr\/wp-content\/uploads\/2024\/03\/Couv_pietonne-205x300.jpg 205w, https:\/\/laurehumbel.fr\/wp-content\/uploads\/2024\/03\/Couv_pietonne-768x1125.jpg 768w, https:\/\/laurehumbel.fr\/wp-content\/uploads\/2024\/03\/Couv_pietonne-1049x1536.jpg 1049w, https:\/\/laurehumbel.fr\/wp-content\/uploads\/2024\/03\/Couv_pietonne-1399x2048.jpg 1399w, https:\/\/laurehumbel.fr\/wp-content\/uploads\/2024\/03\/Couv_pietonne.jpg 1654w\" sizes=\"auto, (max-width: 699px) 100vw, 699px\" \/><\/a><\/figure>\n\n\n\n<p><strong><em>Une pi\u00e9tonne \u00e0 Marseille<\/em><\/strong>, <a href=\"https:\/\/editionsgaussen.fr\/livres\/une-pietonne-a-marseille\/\">\u00e9ditions David Gaussen<\/a>, 2023<\/p>\n<\/div>\n\n\n\n<div class=\"wp-block-group is-nowrap is-layout-flex wp-container-core-group-is-layout-6c531013 wp-block-group-is-layout-flex\">\n<figure class=\"wp-block-image size-full is-resized\"><a href=\"https:\/\/www.editionsansouire.fr\/\"><img loading=\"lazy\" decoding=\"async\" width=\"677\" height=\"677\" src=\"https:\/\/laurehumbel.fr\/wp-content\/uploads\/2024\/06\/image.jpeg\" alt=\"L\u2019attribut alt de cette image est vide, son nom de fichier est Blog_Article_170912_Couverture.jpg.\" class=\"wp-image-400\" style=\"width:205px;height:auto\" srcset=\"https:\/\/laurehumbel.fr\/wp-content\/uploads\/2024\/06\/image.jpeg 677w, https:\/\/laurehumbel.fr\/wp-content\/uploads\/2024\/06\/image-300x300.jpeg 300w, https:\/\/laurehumbel.fr\/wp-content\/uploads\/2024\/06\/image-150x150.jpeg 150w\" sizes=\"auto, (max-width: 677px) 100vw, 677px\" \/><\/a><\/figure>\n\n\n\n<p><strong><em>Fadia Nic\u00e9, ou l\u2019histoire invent\u00e9e d\u2019une vraie esclave romaine<\/em><\/strong><em>, <\/em>illustrations de Jean Cubaud, <a href=\"https:\/\/www.editionsansouire.fr\/\">\u00e9ditions Sansou\u00efre<\/a>, 2016<\/p>\n<\/div>\n\n\n\n<hr class=\"wp-block-separator has-alpha-channel-opacity\"\/>\n\n\n\n<p><strong>Nouvelles en revue ou recueils collectifs<\/strong><\/p>\n\n\n\n<div class=\"wp-block-group is-nowrap is-layout-flex wp-container-core-group-is-layout-6c531013 wp-block-group-is-layout-flex\">\n<figure class=\"wp-block-image size-large is-resized\"><a href=\"https:\/\/ch.hypotheses.org\/\"><img loading=\"lazy\" decoding=\"async\" width=\"1024\" height=\"384\" src=\"https:\/\/laurehumbel.fr\/wp-content\/uploads\/2024\/06\/lychnos-1024x384.jpg\" alt=\"\" class=\"wp-image-460\" style=\"width:175px;height:auto\" srcset=\"https:\/\/laurehumbel.fr\/wp-content\/uploads\/2024\/06\/lychnos-1024x384.jpg 1024w, https:\/\/laurehumbel.fr\/wp-content\/uploads\/2024\/06\/lychnos-300x113.jpg 300w, https:\/\/laurehumbel.fr\/wp-content\/uploads\/2024\/06\/lychnos-768x288.jpg 768w, https:\/\/laurehumbel.fr\/wp-content\/uploads\/2024\/06\/lychnos-1536x576.jpg 1536w, https:\/\/laurehumbel.fr\/wp-content\/uploads\/2024\/06\/lychnos-2048x769.jpg 2048w\" sizes=\"auto, (max-width: 1024px) 100vw, 1024px\" \/><\/a><\/figure>\n\n\n\n<p><strong><em>L\u2019esclave gauloise de Pyth\u00e9as<\/em><\/strong><em>, Connaissance hell\u00e9nique<\/em> n\u00b0169, novembre 2024, <a href=\"https:\/\/ch.hypotheses.org\/13578\">https:\/\/ch.hypotheses.org<\/a><\/p>\n<\/div>\n\n\n\n<p><strong><em>Lignes d\u2019horizon,<\/em><\/strong> Librisme, 2009<\/p>\n\n\n\n<p><strong><em>Les Aiguilles noires,<\/em><\/strong> Gunten, 2008<\/p>\n\n\n\n<hr class=\"wp-block-separator has-alpha-channel-opacity\"\/>\n\n\n\n<p><strong>Recueils collectifs du <a href=\"https:\/\/www.tierslivre.net\/\">Tiers Livre<\/a>, sous la direction de <a href=\"https:\/\/www.tierslivre.net\/index_fbon.html\">Fran\u00e7ois Bon<\/a><\/strong><\/p>\n\n\n\n<div class=\"wp-block-group is-nowrap is-layout-flex wp-container-core-group-is-layout-6c531013 wp-block-group-is-layout-flex\">\n<div class=\"wp-block-group is-vertical is-layout-flex wp-container-core-group-is-layout-fe9cc265 wp-block-group-is-layout-flex\">\n<figure class=\"wp-block-image size-full is-resized\"><a href=\"https:\/\/www.librairie-tiers-livre.store\/livres-collectifs\"><img loading=\"lazy\" decoding=\"async\" width=\"468\" height=\"532\" src=\"https:\/\/laurehumbel.fr\/wp-content\/uploads\/2024\/06\/atlas-roman.jpg\" alt=\"\" class=\"wp-image-456\" style=\"width:160px;height:auto\" srcset=\"https:\/\/laurehumbel.fr\/wp-content\/uploads\/2024\/06\/atlas-roman.jpg 468w, https:\/\/laurehumbel.fr\/wp-content\/uploads\/2024\/06\/atlas-roman-264x300.jpg 264w\" sizes=\"auto, (max-width: 468px) 100vw, 468px\" \/><\/a><\/figure>\n\n\n\n<figure class=\"wp-block-image size-full is-resized\"><a href=\"https:\/\/www.librairie-tiers-livre.store\/livres-collectifs\"><img loading=\"lazy\" decoding=\"async\" width=\"468\" height=\"532\" src=\"https:\/\/laurehumbel.fr\/wp-content\/uploads\/2024\/06\/au-service.jpg\" alt=\"\" class=\"wp-image-458\" style=\"width:162px;height:auto\" srcset=\"https:\/\/laurehumbel.fr\/wp-content\/uploads\/2024\/06\/au-service.jpg 468w, https:\/\/laurehumbel.fr\/wp-content\/uploads\/2024\/06\/au-service-264x300.jpg 264w\" sizes=\"auto, (max-width: 468px) 100vw, 468px\" \/><\/a><\/figure>\n<\/div>\n\n\n\n<div class=\"wp-block-group has-global-padding is-layout-constrained wp-block-group-is-layout-constrained\">\n<p><strong>\u00ab&nbsp;Les contours du monde&nbsp;\u00bb<\/strong>, <em>Atlas roman puissance 100<\/em>, 2023<\/p>\n\n\n\n<p><strong>\u00ab&nbsp;Elles, c&rsquo;est tout&nbsp;\u00bb<\/strong>, <em>Au service<\/em>, 2022<\/p>\n\n\n\n<p><strong>\u00ab&nbsp;Spirale carr\u00e9e&nbsp;\u00bb<\/strong> et <strong>\u00ab&nbsp;\u00c0 la pr\u00e9fecture<\/strong>&nbsp;\u00bb, <em>Une heure de ta vie, 66 fois<\/em>, 2022<\/p>\n\n\n\n<p><strong>\u00ab&nbsp;Baleines&nbsp;\u00bb<\/strong>,<em> Dans l\u2019ordre des choses<\/em>, 2021<\/p>\n\n\n\n<p><strong>\u00ab&nbsp;Les goutti\u00e8res de Dantzig&nbsp;\u00bb<\/strong>, <em>De l\u2019eau<\/em>, 2021<\/p>\n<\/div>\n<\/div>\n\n\n\n<hr class=\"wp-block-separator has-alpha-channel-opacity\"\/>\n\n\n\n<div class=\"wp-block-group is-nowrap is-layout-flex wp-container-core-group-is-layout-6c531013 wp-block-group-is-layout-flex\">\n<div class=\"wp-block-group has-global-padding is-layout-constrained wp-block-group-is-layout-constrained\">\n<p><strong>Articles<\/strong><\/p>\n\n\n\n<p><strong>\u00ab&nbsp;Les cierges verts de Saint-Victor&nbsp;\u00bb, <\/strong><em><a href=\"https:\/\/eservices.marseille.fr\/revue-marseille\">Revue Marseille<\/a><\/em> n\u00b0274, d\u00e9cembre 2022, p. 97<\/p>\n\n\n\n<p><strong>\u00ab&nbsp;Le rire dans la mythologie grecque&nbsp;\u00bb<\/strong>, <em>Connaissance hell\u00e9nique<\/em> n\u00b0157, novembre 2020 &#8211; <a href=\"https:\/\/ch.hypotheses.org\/4152\">https:\/\/ch.hypotheses.org<\/a><\/p>\n\n\n\n<p><strong>\u00ab&nbsp;Bas les voiles !&nbsp;\u00bb<\/strong>, <em>EspacesTemps.net<\/em>, 2004 &#8211; <a href=\"http:\/\/www.espacestemps.net\/\">http:\/\/www.espacestemps.net\/<\/a><\/p>\n\n\n\n<p><strong>\u00ab&nbsp;Le cryptoportique de Reims&nbsp;\u00bb<\/strong>, <em>BAVART<\/em> n\u00b020, novembre 2002, p.12-13<\/p>\n\n\n\n<p><\/p>\n<\/div>\n\n\n\n<div class=\"wp-block-group has-global-padding is-layout-constrained wp-block-group-is-layout-constrained\">\n<p><strong>Sur la toile<\/strong><\/p>\n\n\n\n<p><strong><a href=\"https:\/\/laurehumbel.fr\">\u00ab&nbsp;Sur mes tablettes&nbsp;\u00bb<\/a><\/strong> | Blog et pr\u00e9sentation de mon travail litt\u00e9raire, lanc\u00e9 en mars <strong>2024<\/strong><\/p>\n\n\n\n<p><strong>\u00abFadia Nic\u00e9, et autres histoires invent\u00e9es de quidams ayant exist\u00e9&nbsp;\u00bb<\/strong> | Blog autour de la parution de <em>Fadia Nic\u00e9<\/em>, lanc\u00e9 en <strong>2016<\/strong>&nbsp;<a href=\"http:\/\/fadianike.blogspot.fr\/\">http:\/\/fadianike.blogspot.fr\/<\/a><\/p>\n\n\n\n<p><strong>\u00ab&nbsp;Les N\u00e9r\u00e9ides dans les mosa\u00efques de l\u2019Empire romain&nbsp;\u00bb<\/strong> | Site internet mis en ligne en <strong>1996<\/strong>. H\u00e9berg\u00e9 de 1996 \u00e0 2000 par l\u2019Universit\u00e9 d\u2019Emory, Atlanta, et de 2000 \u00e0 2012 par le site <a href=\"https:\/\/diotima-doctafemina.org\/\">Diotima<\/a> consacr\u00e9 aux \u00e9tudes de genre.<\/p>\n<\/div>\n<\/div>\n","protected":false},"excerpt":{"rendered":"<p>BigBang, Origine partie 2, Tout \u00e0 l\u2019heure, 2024 Ton Nombril, Origine partie 1, Tout \u00e0 l\u2019heure, 2023 Une pi\u00e9tonne \u00e0 Marseille, \u00e9ditions David Gaussen, 2023 Fadia Nic\u00e9, ou l\u2019histoire invent\u00e9e d\u2019une vraie esclave romaine, illustrations de Jean Cubaud, \u00e9ditions Sansou\u00efre, 2016 Nouvelles en revue ou recueils collectifs L\u2019esclave gauloise de Pyth\u00e9as, Connaissance hell\u00e9nique n\u00b0169, novembre&#8230;<\/p>\n","protected":false},"author":1,"featured_media":0,"parent":0,"menu_order":0,"comment_status":"closed","ping_status":"closed","template":"","meta":{"advanced_seo_description":"","jetpack_seo_html_title":"","jetpack_seo_noindex":false,"jetpack_post_was_ever_published":false,"footnotes":""},"class_list":["post-59","page","type-page","status-publish","hentry"],"jetpack_sharing_enabled":true,"_links":{"self":[{"href":"https:\/\/laurehumbel.fr\/index.php\/wp-json\/wp\/v2\/pages\/59","targetHints":{"allow":["GET"]}}],"collection":[{"href":"https:\/\/laurehumbel.fr\/index.php\/wp-json\/wp\/v2\/pages"}],"about":[{"href":"https:\/\/laurehumbel.fr\/index.php\/wp-json\/wp\/v2\/types\/page"}],"author":[{"embeddable":true,"href":"https:\/\/laurehumbel.fr\/index.php\/wp-json\/wp\/v2\/users\/1"}],"replies":[{"embeddable":true,"href":"https:\/\/laurehumbel.fr\/index.php\/wp-json\/wp\/v2\/comments?post=59"}],"version-history":[{"count":21,"href":"https:\/\/laurehumbel.fr\/index.php\/wp-json\/wp\/v2\/pages\/59\/revisions"}],"predecessor-version":[{"id":1421,"href":"https:\/\/laurehumbel.fr\/index.php\/wp-json\/wp\/v2\/pages\/59\/revisions\/1421"}],"wp:attachment":[{"href":"https:\/\/laurehumbel.fr\/index.php\/wp-json\/wp\/v2\/media?parent=59"}],"curies":[{"name":"wp","href":"https:\/\/api.w.org\/{rel}","templated":true}]}}