{"id":65,"date":"2024-03-14T09:26:26","date_gmt":"2024-03-14T08:26:26","guid":{"rendered":"https:\/\/laurehumbel.fr\/?page_id=65"},"modified":"2024-11-29T22:15:04","modified_gmt":"2024-11-29T21:15:04","slug":"une-pietonne-a-marseille","status":"publish","type":"page","link":"https:\/\/laurehumbel.fr\/index.php\/une-pietonne-a-marseille\/","title":{"rendered":"Une pi\u00e9tonne \u00e0 Marseille"},"content":{"rendered":"\n<div class=\"wp-block-group is-nowrap is-layout-flex wp-container-core-group-is-layout-6c531013 wp-block-group-is-layout-flex\">\n<figure class=\"wp-block-image aligncenter size-large is-resized\"><a href=\"https:\/\/editionsgaussen.fr\/livres\/une-pietonne-a-marseille\/\"><img loading=\"lazy\" decoding=\"async\" width=\"699\" height=\"1024\" src=\"https:\/\/laurehumbel.fr\/wp-content\/uploads\/2024\/03\/Couv_pietonne-699x1024.jpg\" alt=\"\" class=\"wp-image-106\" style=\"width:310px;height:auto\" srcset=\"https:\/\/laurehumbel.fr\/wp-content\/uploads\/2024\/03\/Couv_pietonne-699x1024.jpg 699w, https:\/\/laurehumbel.fr\/wp-content\/uploads\/2024\/03\/Couv_pietonne-205x300.jpg 205w, https:\/\/laurehumbel.fr\/wp-content\/uploads\/2024\/03\/Couv_pietonne-768x1125.jpg 768w, https:\/\/laurehumbel.fr\/wp-content\/uploads\/2024\/03\/Couv_pietonne-1049x1536.jpg 1049w, https:\/\/laurehumbel.fr\/wp-content\/uploads\/2024\/03\/Couv_pietonne-1399x2048.jpg 1399w, https:\/\/laurehumbel.fr\/wp-content\/uploads\/2024\/03\/Couv_pietonne.jpg 1654w\" sizes=\"auto, (max-width: 699px) 100vw, 699px\" \/><\/a><\/figure>\n\n\n\n<h4 class=\"wp-block-heading\">J\u2019ai toujours march\u00e9 en ville\u2026<\/h4>\n<\/div>\n\n\n\n<p>\u2026partout o\u00f9 j\u2019ai habit\u00e9, m\u00eame dans les cit\u00e9s nord-am\u00e9ricaines inhospitali\u00e8res au pi\u00e9ton. Marseille n\u2019est pas une ville facile \u00e0 marcher, je m\u2019en suis rendu compte d\u00e8s mon arriv\u00e9e. Pourtant je l\u2019ai aim\u00e9e d\u00e8s le premier jour. Maintenant que je la connais bien, qu\u2019au fil des ans elle est devenue ma ville, je veux frotter mes semelles \u00e0 cette difficult\u00e9 : \u00eatre pi\u00e9tonne \u00e0 Marseille.<br>Cet emp\u00eachement de circuler \u00e0 pied, sorte de reproche adress\u00e9 \u00e0 ma volont\u00e9 d\u2019avancer sur deux jambes, m\u2019a entra\u00een\u00e9e \u00e0 la d\u00e9couverte de la ville autrement. j\u2019ai arr\u00eat\u00e9 mon regard ailleurs que sur les grands monuments, pr\u00eat\u00e9 attention aux d\u00e9tails du quotidien, aux signes officiels des panneaux, aux messages militants des affiches et des graffitis, explor\u00e9 des quartiers o\u00f9 je n\u2019\u00e9tais jamais all\u00e9e, \u00e9tudi\u00e9 le nom des rues, les visages des statues, l\u2019histoire de choses disparues. Interrogeant la ville \u00e0 hauteur de regard, j\u2019ai pr\u00eat\u00e9 attention au d\u00e9tail qui \u00e9tonne en passant.<\/p>\n\n\n\n<p><a href=\"https:\/\/editionsgaussen.fr\/\">\u00c9ditions Gaussen<\/a>, avril 2023<\/p>\n\n\n\n<p class=\"has-light-green-cyan-color has-text-color has-link-color wp-elements-9a74d69eaddd8c951d652a64473da191\"><a href=\"https:\/\/laurehumbel.fr\/index.php\/tous-les-articles-du-blog\/avril-mai-2024\/\" data-type=\"page\" data-id=\"160\">Avril-mai 2024 : <em>Une pi\u00e9tonne<\/em> a un an<\/a><\/p>\n","protected":false},"excerpt":{"rendered":"<p>J\u2019ai toujours march\u00e9 en ville\u2026 \u2026partout o\u00f9 j\u2019ai habit\u00e9, m\u00eame dans les cit\u00e9s nord-am\u00e9ricaines inhospitali\u00e8res au pi\u00e9ton. Marseille n\u2019est pas une ville facile \u00e0 marcher, je m\u2019en suis rendu compte d\u00e8s mon arriv\u00e9e. Pourtant je l\u2019ai aim\u00e9e d\u00e8s le premier jour. Maintenant que je la connais bien, qu\u2019au fil des ans elle est devenue ma&#8230;<\/p>\n","protected":false},"author":1,"featured_media":0,"parent":0,"menu_order":0,"comment_status":"closed","ping_status":"closed","template":"","meta":{"advanced_seo_description":"","jetpack_seo_html_title":"","jetpack_seo_noindex":false,"jetpack_post_was_ever_published":false,"footnotes":""},"class_list":["post-65","page","type-page","status-publish","hentry"],"jetpack_sharing_enabled":true,"_links":{"self":[{"href":"https:\/\/laurehumbel.fr\/index.php\/wp-json\/wp\/v2\/pages\/65","targetHints":{"allow":["GET"]}}],"collection":[{"href":"https:\/\/laurehumbel.fr\/index.php\/wp-json\/wp\/v2\/pages"}],"about":[{"href":"https:\/\/laurehumbel.fr\/index.php\/wp-json\/wp\/v2\/types\/page"}],"author":[{"embeddable":true,"href":"https:\/\/laurehumbel.fr\/index.php\/wp-json\/wp\/v2\/users\/1"}],"replies":[{"embeddable":true,"href":"https:\/\/laurehumbel.fr\/index.php\/wp-json\/wp\/v2\/comments?post=65"}],"version-history":[{"count":9,"href":"https:\/\/laurehumbel.fr\/index.php\/wp-json\/wp\/v2\/pages\/65\/revisions"}],"predecessor-version":[{"id":894,"href":"https:\/\/laurehumbel.fr\/index.php\/wp-json\/wp\/v2\/pages\/65\/revisions\/894"}],"wp:attachment":[{"href":"https:\/\/laurehumbel.fr\/index.php\/wp-json\/wp\/v2\/media?parent=65"}],"curies":[{"name":"wp","href":"https:\/\/api.w.org\/{rel}","templated":true}]}}