{"id":834,"date":"2024-11-28T19:01:48","date_gmt":"2024-11-28T18:01:48","guid":{"rendered":"https:\/\/laurehumbel.fr\/?page_id=834"},"modified":"2024-11-28T19:36:44","modified_gmt":"2024-11-28T18:36:44","slug":"magali-brignardello","status":"publish","type":"page","link":"https:\/\/laurehumbel.fr\/index.php\/dautres-voix-que-la-mienne\/magali-brignardello\/","title":{"rendered":"Magali Brignardello"},"content":{"rendered":"\n<div class=\"wp-block-group is-nowrap is-layout-flex wp-container-core-group-is-layout-6c531013 wp-block-group-is-layout-flex\">\n<p class=\"has-tertiary-background-color has-background has-small-font-size\">Texte \u00e9crit lors de l&rsquo;atelier d&rsquo;\u00e9criture du 13 octobre 2024, en d\u00e9ambulation \u00e0 travers Marseille, \u00e0 l&rsquo;invitation des Mots Voyageurs<\/p>\n\n\n\n<figure class=\"wp-block-image size-large is-resized\"><img loading=\"lazy\" decoding=\"async\" width=\"1024\" height=\"768\" src=\"https:\/\/laurehumbel.fr\/wp-content\/uploads\/2024\/11\/201017_EntreeBourseMHMcoloniale1-copie-1024x768.jpeg\" alt=\"\" class=\"wp-image-853\" style=\"width:436px;height:auto\" srcset=\"https:\/\/laurehumbel.fr\/wp-content\/uploads\/2024\/11\/201017_EntreeBourseMHMcoloniale1-copie-1024x768.jpeg 1024w, https:\/\/laurehumbel.fr\/wp-content\/uploads\/2024\/11\/201017_EntreeBourseMHMcoloniale1-copie-300x225.jpeg 300w, https:\/\/laurehumbel.fr\/wp-content\/uploads\/2024\/11\/201017_EntreeBourseMHMcoloniale1-copie-768x576.jpeg 768w, https:\/\/laurehumbel.fr\/wp-content\/uploads\/2024\/11\/201017_EntreeBourseMHMcoloniale1-copie-1536x1152.jpeg 1536w, https:\/\/laurehumbel.fr\/wp-content\/uploads\/2024\/11\/201017_EntreeBourseMHMcoloniale1-copie-2048x1536.jpeg 2048w\" sizes=\"auto, (max-width: 1024px) 100vw, 1024px\" \/><\/figure>\n<\/div>\n\n\n\n<h2 class=\"wp-block-heading has-text-align-left\"><strong>La statuette<\/strong><\/h2>\n\n\n\n<p>Sur l\u2019\u00e9tag\u00e8re d\u2019un meuble en bois, \u00e9tait pos\u00e9 un petit objet en pierre. Suzanne le prit dans ses mains. C\u2019\u00e9tait une statuette. Cet objet lui rappelait quelque chose. C\u2019\u00e9tait sa grand-m\u00e8re qui le lui avait offert le jour de son mariage. Elle le lui avait dit, qu\u2019elle lui porterait chance, car elle \u00e9tait synonyme de f\u00e9condit\u00e9. H\u00e9las, Suzanne n\u2019eut aucun enfant\u2026 Elle examina la pierre. Elle distingua une longue chevelure puis le corps d\u2019une femme. Celle-ci \u00e9tait agenouill\u00e9e. Lorsqu\u2019elle toucha le rebord de la pierre, elle sentit quelque chose. Elle la retourna et lut \u00ab&nbsp;Femme assise dans une chapelle&nbsp;\u00bb. Elle la retourna. La gravure avait disparu, la pierre \u00e9tait lisse.<\/p>\n\n\n\n<div class=\"wp-block-group is-vertical is-layout-flex wp-container-core-group-is-layout-fe9cc265 wp-block-group-is-layout-flex\">\n<p>Suzanne sentit d\u2019un coup une pr\u00e9sence \u00e0 ses c\u00f4t\u00e9s. La voix d\u2019une jeune femme lui parlait. Elle ne comprenait que quelques mots mais cela ressemblait \u00e0 ceux en proven\u00e7al que sa grand-m\u00e8re pronon\u00e7ait. Elle crut comprendre que la voix exprimait des regrets et lui expliquait que sa place n\u2019\u00e9tait pas ici. Ce n\u2019\u00e9tait pas sa maison. Depuis des ann\u00e9es, elle tentait de l\u2019interpeller. L\u2019aide \u00e0 domicile qui venait chaque semaine l\u2019avait plac\u00e9e ici. Sinon, elle ne l\u2019aurait jamais entendue.<\/p>\n<\/div>\n\n\n\n<p>Elle d\u00e9sirait qu\u2019on la ram\u00e8ne au Mus\u00e9e d\u2019histoire de Marseille. C\u2019\u00e9tait sa demeure, jamais elle n\u2019aurait d\u00fb en sortir. La magie ne pouvait plus op\u00e9rer si on la d\u00e9pla\u00e7ait car elle perdait son pouvoir.<\/p>\n\n\n\n<p>La vieille dame ne savait que faire. Elle n\u2019allait pas demander \u00e0 son aide \u00e0 domicile de ramener la statuette, on aurait pu croire qu\u2019elle l\u2019avait vol\u00e9e. Elle r\u00e9fl\u00e9chissait. Elle se souvint que la petite-fille d\u2019une amie travaillait dans un mus\u00e9e de la ville. Elle la lui donnerait et pourrait la remettre discr\u00e8tement \u00e0 sa place.<\/p>\n\n\n\n<p>Il ne fallait pas tarder. Dans les m\u00e9dias, on s\u2019inqui\u00e9tait du nombre de naissances qui baissait anormalement depuis quelques mois. Elle reprit la statuette sur le meuble. Elle expliqua \u00e0 la jeune femme qu\u2019elle devait revenir. Le visage et les longs cheveux r\u00e9apparurent sous ses doigts&nbsp;. La magie op\u00e9rerait \u00e0 nouveau.<\/p>\n\n\n\n<p><\/p>\n","protected":false},"excerpt":{"rendered":"<p>Texte \u00e9crit lors de l&rsquo;atelier d&rsquo;\u00e9criture du 13 octobre 2024, en d\u00e9ambulation \u00e0 travers Marseille, \u00e0 l&rsquo;invitation des Mots Voyageurs La statuette Sur l\u2019\u00e9tag\u00e8re d\u2019un meuble en bois, \u00e9tait pos\u00e9 un petit objet en pierre. Suzanne le prit dans ses mains. C\u2019\u00e9tait une statuette. Cet objet lui rappelait quelque chose. C\u2019\u00e9tait sa grand-m\u00e8re qui le&#8230;<\/p>\n","protected":false},"author":1,"featured_media":0,"parent":256,"menu_order":0,"comment_status":"closed","ping_status":"closed","template":"","meta":{"jetpack_post_was_ever_published":false,"footnotes":""},"class_list":["post-834","page","type-page","status-publish","hentry"],"jetpack_sharing_enabled":true,"_links":{"self":[{"href":"https:\/\/laurehumbel.fr\/index.php\/wp-json\/wp\/v2\/pages\/834","targetHints":{"allow":["GET"]}}],"collection":[{"href":"https:\/\/laurehumbel.fr\/index.php\/wp-json\/wp\/v2\/pages"}],"about":[{"href":"https:\/\/laurehumbel.fr\/index.php\/wp-json\/wp\/v2\/types\/page"}],"author":[{"embeddable":true,"href":"https:\/\/laurehumbel.fr\/index.php\/wp-json\/wp\/v2\/users\/1"}],"replies":[{"embeddable":true,"href":"https:\/\/laurehumbel.fr\/index.php\/wp-json\/wp\/v2\/comments?post=834"}],"version-history":[{"count":8,"href":"https:\/\/laurehumbel.fr\/index.php\/wp-json\/wp\/v2\/pages\/834\/revisions"}],"predecessor-version":[{"id":881,"href":"https:\/\/laurehumbel.fr\/index.php\/wp-json\/wp\/v2\/pages\/834\/revisions\/881"}],"up":[{"embeddable":true,"href":"https:\/\/laurehumbel.fr\/index.php\/wp-json\/wp\/v2\/pages\/256"}],"wp:attachment":[{"href":"https:\/\/laurehumbel.fr\/index.php\/wp-json\/wp\/v2\/media?parent=834"}],"curies":[{"name":"wp","href":"https:\/\/api.w.org\/{rel}","templated":true}]}}