{"id":836,"date":"2024-11-28T19:04:02","date_gmt":"2024-11-28T18:04:02","guid":{"rendered":"https:\/\/laurehumbel.fr\/?page_id=836"},"modified":"2024-11-28T19:37:33","modified_gmt":"2024-11-28T18:37:33","slug":"pascaline-henriet","status":"publish","type":"page","link":"https:\/\/laurehumbel.fr\/index.php\/dautres-voix-que-la-mienne\/pascaline-henriet\/","title":{"rendered":"Pascaline Henriet"},"content":{"rendered":"\n<div class=\"wp-block-group is-nowrap is-layout-flex wp-container-core-group-is-layout-6c531013 wp-block-group-is-layout-flex\">\n<p class=\"has-tertiary-background-color has-background has-small-font-size\">Textes \u00e9crits lors de l&rsquo;atelier d&rsquo;\u00e9criture du 13 octobre 2024, en d\u00e9ambulation \u00e0 travers Marseille, \u00e0 l&rsquo;invitation des Mots Voyageurs<\/p>\n\n\n\n<figure class=\"wp-block-image size-full is-resized\"><img decoding=\"async\" src=\"https:\/\/laurehumbel.fr\/wp-content\/uploads\/2024\/11\/241013_Marseille_La_Plaine_Mon_Cafe_.jpeg\" alt=\"\" class=\"wp-image-859\" style=\"width:256px;height:auto\"\/><\/figure>\n<\/div>\n\n\n\n<p>Je me souviens<br>mal&nbsp;<br>Ma m\u00e9moire s&rsquo;est trou\u00e9e&nbsp;<br>Cogn\u00e9e aux quatre coins de l\u2019hexagone&nbsp;<br>Fendue sur les arr\u00eates du globe.&nbsp;<br>Elle s\u2019est perdue dans le d\u00e9dale des m\u00eames \u00e9glises Saint-Paul, des m\u00eames chapelles Sainte-Marie, des m\u00eames mosqu\u00e9es au minaret de terre.<br>Je me souviens mal de mes villes&nbsp;<br>Celles o\u00f9 j\u2019ai v\u00e9cu contrainte ou ravie,&nbsp;<br>J\u2019ai trop cherch\u00e9 leur ombre pour me prot\u00e9ger du soleil ou leurs abris pour stopper la pluie,<br>J\u2019ai esquiv\u00e9 trop de flaques d\u2019huile et le temps file sur la dentelle de ma m\u00e9moire.<br>Marseille ma belle, mon territoire, mon port, mon attache, ma cit\u00e9, mon d\u00e9cor, tu auras ta part&nbsp;<br>Promis je me souviendrai mieux<br>J\u2019ai ouvert mes yeux.<\/p>\n\n\n\n<hr class=\"wp-block-separator has-alpha-channel-opacity\"\/>\n\n\n\n<p>Kevin a laiss\u00e9 sa trace sobrement&nbsp;<br>Du bout de sa bombe noire&nbsp;<br>Avec une sorte d\u2019\u00e9l\u00e9gance&nbsp;<br>Pied de nez aux rideaux baiss\u00e9s<br>Aux graffitis color\u00e9s&nbsp;<br>Ornella a ouvert sa boulangerie&nbsp;<br>Belle enseigne dor\u00e9e<br>Quelle fiert\u00e9&nbsp;<br>Pied de nez aux Paul clon\u00e9s&nbsp;<br>Aux Raimus enfarin\u00e9s&nbsp;<br>Un homme derri\u00e8re son caf\u00e9&nbsp;<br>Son doigt bless\u00e9 encapuchonn\u00e9&nbsp;<br>Une femme cach\u00e9e sous un bonnet&nbsp;violet<br>Se croisent sans se voir<br>Complices insoup\u00e7onn\u00e9s&nbsp;<br>Face \u00e0 eux<br>Une affiche d\u00e9lav\u00e9e&nbsp;<br>Coll\u00e9e de travers&nbsp;<br>Leur donne raison&nbsp;<br>Dans leur besoin de se prot\u00e9ger&nbsp;<br>\u00ab&nbsp;L\u2019ins\u00e9curit\u00e9 augmente en France&nbsp;\u00bb<\/p>\n\n\n\n<hr class=\"wp-block-separator has-alpha-channel-opacity\"\/>\n\n\n\n<p>7h00<br>Je me tiens l\u00e0 \u00e0 moiti\u00e9 \u00e9veill\u00e9e&nbsp;<br>Sur le bord de la route qui n\u2019en n\u2019est pas une<br>A peine une piste, une tra\u00een\u00e9e de poudre rouge&nbsp;<br>Les yeux pliss\u00e9s par le soleil&nbsp;<br>Un go\u00fbt de poussi\u00e8re dans la bouche&nbsp;<br>Des gouttes de sueur orang\u00e9es s\u2019\u00e9crasent et s\u2019incrustent sur mon teeshirt<br>Je n\u2019aurais pas d\u00fb me maquiller&nbsp;<br>A trop vouloir faire bonne impression&nbsp;<\/p>\n\n\n\n<p>7h05<br>Une nu\u00e9e d\u2019\u00e9coliers dans leur uniforme bleu me d\u00e9passent et sourient&nbsp;<br>Un peu plus loin je les entends crier \u00ab&nbsp;nassara&nbsp;\u00bb<br>Je suppose que c\u2019est moi&nbsp;<br>Un odeur de beignet tout \u00e0 coup&nbsp;<br>Mon ventre gargouille&nbsp;<br>J\u2019aurais du prendre un petit d\u00e9jeuner<br>A trop vouloir \u00e9viter la tourista&nbsp;<\/p>\n\n\n\n<p>7h10<br>Je suis comme clou\u00e9e sur place par le soleil vorace&nbsp;<br>J\u2019entame ma travers\u00e9e&nbsp;<br>Je tente d\u2019avancer d\u2019un pas&nbsp;<br>Un v\u00e9lo, une moto, encore un v\u00e9lo, encore une moto&nbsp;<br>Tout me dr\u00f4le et klaxonne<br>Je n\u2019aurais pas d\u00fb d\u00e9cider d\u2019y aller \u00e0 pied<br>A trop vouloir m\u2019int\u00e9grer \u00e0 cette nouvelle ville, \u00e0 cette nouvelle vie<\/p>\n\n\n\n<p>7h12<br>Je regarde impuissante le flux incessant des 2 roues, des pickups, des charrettes qui me barrent le chemin.<br>500 m\u00e8tres<br>Cible inatteignable&nbsp;<br>Travers\u00e9e impossible&nbsp;<br>Je fais demi-tour<br>Devant ma maison ma voiture m\u2019attend sagement&nbsp;<\/p>\n","protected":false},"excerpt":{"rendered":"<p>Textes \u00e9crits lors de l&rsquo;atelier d&rsquo;\u00e9criture du 13 octobre 2024, en d\u00e9ambulation \u00e0 travers Marseille, \u00e0 l&rsquo;invitation des Mots Voyageurs Je me souviensmal&nbsp;Ma m\u00e9moire s&rsquo;est trou\u00e9e&nbsp;Cogn\u00e9e aux quatre coins de l\u2019hexagone&nbsp;Fendue sur les arr\u00eates du globe.&nbsp;Elle s\u2019est perdue dans le d\u00e9dale des m\u00eames \u00e9glises Saint-Paul, des m\u00eames chapelles Sainte-Marie, des m\u00eames mosqu\u00e9es au minaret de&#8230;<\/p>\n","protected":false},"author":1,"featured_media":0,"parent":256,"menu_order":0,"comment_status":"closed","ping_status":"closed","template":"","meta":{"jetpack_post_was_ever_published":false,"footnotes":""},"class_list":["post-836","page","type-page","status-publish","hentry"],"jetpack_sharing_enabled":true,"_links":{"self":[{"href":"https:\/\/laurehumbel.fr\/index.php\/wp-json\/wp\/v2\/pages\/836","targetHints":{"allow":["GET"]}}],"collection":[{"href":"https:\/\/laurehumbel.fr\/index.php\/wp-json\/wp\/v2\/pages"}],"about":[{"href":"https:\/\/laurehumbel.fr\/index.php\/wp-json\/wp\/v2\/types\/page"}],"author":[{"embeddable":true,"href":"https:\/\/laurehumbel.fr\/index.php\/wp-json\/wp\/v2\/users\/1"}],"replies":[{"embeddable":true,"href":"https:\/\/laurehumbel.fr\/index.php\/wp-json\/wp\/v2\/comments?post=836"}],"version-history":[{"count":6,"href":"https:\/\/laurehumbel.fr\/index.php\/wp-json\/wp\/v2\/pages\/836\/revisions"}],"predecessor-version":[{"id":882,"href":"https:\/\/laurehumbel.fr\/index.php\/wp-json\/wp\/v2\/pages\/836\/revisions\/882"}],"up":[{"embeddable":true,"href":"https:\/\/laurehumbel.fr\/index.php\/wp-json\/wp\/v2\/pages\/256"}],"wp:attachment":[{"href":"https:\/\/laurehumbel.fr\/index.php\/wp-json\/wp\/v2\/media?parent=836"}],"curies":[{"name":"wp","href":"https:\/\/api.w.org\/{rel}","templated":true}]}}